{"id":2,"date":"2025-03-15T21:43:05","date_gmt":"2025-03-16T00:43:05","guid":{"rendered":"http:\/\/localhost\/rafaelnogueira\/?page_id=2"},"modified":"2025-10-07T13:07:59","modified_gmt":"2025-10-07T16:07:59","slug":"bio","status":"publish","type":"page","link":"https:\/\/rafaelnogueira.com\/en\/bio\/","title":{"rendered":"bio"},"content":{"rendered":"<p>Artista pl\u00e1stico com experi\u00eancia em pintura a \u00f3leo, desenho com grafite, tinta e carv\u00e3o. Atualmente, explora temas relacionados \u00e0 solid\u00e3o e ao isolamento social com uma abordagem realista em seus trabalhos.<\/p>\n\n\n\n<p><br><\/p>\n\n\n\n<p><strong>Forma\u00e7\u00e3o acad\u00eamica<\/strong> <strong>e demais cursos<\/strong><\/p>\n\n\n\n<blockquote class=\"wp-block-quote is-layout-flow wp-block-quote-is-layout-flow\">\n<p>Bacharelado em <strong>Comunica\u00e7\u00e3o Social\/Publicidade<\/strong>, de 2010 a 2013, pela Universidade Federal de Minas Gerais \u2013 Belo Horizonte\/MG.<br><br>Disciplina isolada de <strong>Curadoria<\/strong>, em 2017, pela UDESC \u2013 Florian\u00f3polis\/SC.<br><br>Cursos de <strong>Desenho<\/strong> e <strong>Pintura<\/strong>, em 2018, na Escola Municipal de Artes e Of\u00edcios Sica &#8211; Par\u00e1 de Minas\/MG.<br><br>Workshop <strong>Design &amp; Decision: Figure Painting in Oil with Michael Carson<\/strong>, em 2023, pela Art Escape Academy.<\/p>\n<\/blockquote>\n\n\n\n<p><br><\/p>\n\n\n\n<p><strong>Exposi\u00e7\u00f5es<\/strong><\/p>\n\n\n\n<blockquote class=\"wp-block-quote is-layout-flow wp-block-quote-is-layout-flow\">\n<p><strong>Acasos<\/strong> \u2013 Escola de Artes e Of\u00edcios de Par\u00e1 de Minas\/MG<br>Exposi\u00e7\u00e3o solo de agosto a setembro de 2025.<br><br><strong>Escola de Artes 40 anos: Entre mestres e aprendizes<\/strong> \u2013 Escola de Artes e Of\u00edcios de Par\u00e1 de Minas\/MG<br>Exposi\u00e7\u00e3o coletiva de setembro a outubro de 2025.<br><br><strong>Artistas da cidade: Exposi\u00e7\u00e3o comemorativa aos 166 anos de Par\u00e1 de Minas<\/strong> \u2013 Esta\u00e7\u00e3o do Par\u00e1 &#8211; Par\u00e1 de Minas\/MG<br>Exposi\u00e7\u00e3o coletiva de setembro a outubro de 2025.<br><br><strong>De Bra\u00e7os Abertos<\/strong> \u2013 Museu Hist\u00f3rico de Par\u00e1 de Minas\/MG <br>Exposi\u00e7\u00e3o coletiva em setembro de 2023.<br><br><strong>3,2,1 POSICIONE-SE<\/strong> \u2013 Coletivo NaCasa \u2013 Florian\u00f3polis\/SC<br>Exposi\u00e7\u00e3o coletiva de junho a julho de 2017.<\/p>\n<\/blockquote>\n\n\n\n<p><\/p>\n\n\n\n<p><\/p>","protected":false},"excerpt":{"rendered":"<p>Artista pl\u00e1stico com experi\u00eancia em pintura a \u00f3leo, desenho com grafite, tinta e carv\u00e3o. Atualmente, explora temas relacionados \u00e0 solid\u00e3o e ao isolamento social com uma abordagem realista em seus trabalhos. Forma\u00e7\u00e3o acad\u00eamica e demais cursos Bacharelado em Comunica\u00e7\u00e3o Social\/Publicidade, de 2010 a 2013, pela Universidade Federal de Minas Gerais \u2013 Belo Horizonte\/MG. Disciplina isolada [&hellip;]<\/p>","protected":false},"author":1,"featured_media":0,"parent":0,"menu_order":0,"comment_status":"closed","ping_status":"open","template":"","meta":{"footnotes":""},"class_list":["post-2","page","type-page","status-publish","hentry"],"_links":{"self":[{"href":"https:\/\/rafaelnogueira.com\/en\/wp-json\/wp\/v2\/pages\/2","targetHints":{"allow":["GET"]}}],"collection":[{"href":"https:\/\/rafaelnogueira.com\/en\/wp-json\/wp\/v2\/pages"}],"about":[{"href":"https:\/\/rafaelnogueira.com\/en\/wp-json\/wp\/v2\/types\/page"}],"author":[{"embeddable":true,"href":"https:\/\/rafaelnogueira.com\/en\/wp-json\/wp\/v2\/users\/1"}],"replies":[{"embeddable":true,"href":"https:\/\/rafaelnogueira.com\/en\/wp-json\/wp\/v2\/comments?post=2"}],"version-history":[{"count":9,"href":"https:\/\/rafaelnogueira.com\/en\/wp-json\/wp\/v2\/pages\/2\/revisions"}],"predecessor-version":[{"id":70,"href":"https:\/\/rafaelnogueira.com\/en\/wp-json\/wp\/v2\/pages\/2\/revisions\/70"}],"wp:attachment":[{"href":"https:\/\/rafaelnogueira.com\/en\/wp-json\/wp\/v2\/media?parent=2"}],"curies":[{"name":"wp","href":"https:\/\/api.w.org\/{rel}","templated":true}]}}